{"id":154,"date":"2015-07-16T09:12:44","date_gmt":"2015-07-16T09:12:44","guid":{"rendered":"http:\/\/test.kriesi.at\/minimal-portfolio\/?page_id=154"},"modified":"2023-10-31T15:04:30","modified_gmt":"2023-10-31T15:04:30","slug":"about","status":"publish","type":"page","link":"https:\/\/petrhampl.cz\/index.php\/about\/","title":{"rendered":"O mn\u011b"},"content":{"rendered":"<div id='av-layout-grid-1'  class='av-layout-grid-container entry-content-wrapper main_color av-flex-cells     avia-builder-el-0  el_before_av_section  avia-builder-el-first  container_wrap fullsize' style=' '  >\n<div class=\"flex_cell no_margin av_one_half  avia-builder-el-1  el_before_av_cell_one_half  avia-builder-el-first   avia-full-stretch \"  style='height:430px; min-height:430px;background:url(https:\/\/petrhampl.cz\/wp-content\/uploads\/2021\/01\/2-1030x1030.png) center left no-repeat scroll; vertical-align:top; padding:30px; ' ><div class='flex_cell_inner' ><\/div><\/div><div class=\"flex_cell no_margin av_one_half  avia-builder-el-2  el_after_av_cell_one_half  avia-builder-el-last   \"  style='height:430px; min-height:430px;vertical-align:middle; padding:30px 100px 30px 100px ; background-color:#f7f7f7; ' ><div class='flex_cell_inner' ><div class=\"flex_column av_one_full  av-animated-generic bottom-to-top  flex_column_div av-zero-column-padding first  avia-builder-el-3  avia-builder-el-no-sibling  \" style='border-radius:0px; '><p><div  style='padding-bottom:10px; ' class='av-special-heading av-special-heading-h3  blockquote modern-quote  avia-builder-el-4  el_before_av_textblock  avia-builder-el-first  '><h3 class='av-special-heading-tag '  itemprop=\"headline\"  >Ing. Petr Hampl<\/h3><div class='special-heading-border'><div class='special-heading-inner-border' ><\/div><\/div><\/div><br \/>\n<section class=\"av_textblock_section \"  itemscope=\"itemscope\" itemtype=\"https:\/\/schema.org\/CreativeWork\" ><div class='avia_textblock  '   itemprop=\"text\" ><p>Poch\u00e1z\u00edm z Han\u00e9. Po studi\u00edch na n\u011bkolika \u0161kol\u00e1ch a dobrodru\u017en\u00e9m cestov\u00e1n\u00ed se mou profes\u00ed, a d\u00e1 se \u0159\u00edct i ur\u010ditou v\u00e1\u0161n\u00ed, staly navrhov\u00e1n\u00ed a realizace schodi\u0161\u0165 a z\u00e1bradl\u00ed.<\/p>\n<ul>\n<li>vyr\u016fstal jsem na z\u00e1me\u010dnick\u00e9 d\u00edln\u011b<\/li>\n<li>absolvoval jsem obor pr\u016fmyslov\u00fd design na strojn\u00ed fakult\u011b v Brn\u011b a ro\u010dn\u00ed studium designu v D\u00e1nsku<\/li>\n<li>cestoval jsem po zem\u011bkouli<\/li>\n<li>od roku 2011 se v\u011bnuji realizaci zejm\u00e9na schodi\u0161\u0165 a po\u0159\u00e1d se n\u011b\u010demu u\u010d\u00edm<\/li>\n<\/ul>\n<\/div><\/section><\/p><\/div>\n<\/div><\/div>\n<\/div>\n<div id='av_section_1'  class='avia-section main_color avia-section-large avia-no-border-styling  avia-bg-style-scroll  avia-builder-el-6  el_after_av_layout_row  avia-builder-el-last   container_wrap fullsize' style=' '  ><div class='container' ><div class='template-page content  av-content-full alpha units'><div class='post-entry post-entry-type-page post-entry-154'><div class='entry-content-wrapper clearfix'>\n<div class=\"flex_column av_one_half  av-animated-generic bottom-to-top  flex_column_div av-zero-column-padding first  avia-builder-el-7  el_before_av_one_half  avia-builder-el-first  \" style='border-radius:0px; '><p><div  style='padding-bottom:10px; ' class='av-special-heading av-special-heading-h3  blockquote modern-quote  avia-builder-el-8  el_before_av_textblock  avia-builder-el-first  '><h3 class='av-special-heading-tag '  itemprop=\"headline\"  >Zna\u010dka Kr\u00e1sn\u00e9 schody<\/h3><div class='special-heading-border'><div class='special-heading-inner-border' ><\/div><\/div><\/div><br \/>\n<section class=\"av_textblock_section \"  itemscope=\"itemscope\" itemtype=\"https:\/\/schema.org\/CreativeWork\" ><div class='avia_textblock  '   itemprop=\"text\" ><p>V roce 2011 jsme spole\u010dn\u011b s Pavlem M\u00ed\u010dkem <em>(www.ateliergmp.cz) <\/em>vytvo\u0159ili zna\u010dku Kr\u00e1sn\u00e9 schody, pod n\u00ed\u017e vym\u00fd\u0161l\u00edme a dod\u00e1v\u00e1me schodi\u0161t\u011b, z\u00e1bradl\u00ed a dal\u0161\u00ed ocelov\u00e9 a d\u0159ev\u011bn\u00e9 prvky. \u0158adu realizac\u00ed, kter\u00e9 jsou zde ke shl\u00e9dnut\u00ed, vyrobili a namontovali p\u0159\u00edmo na\u0161e ruce. Spol\u00e9h\u00e1me se v\u0161ak tak\u00e9 na um dal\u0161\u00edch \u0159emesln\u00edk\u016f.<\/p>\n<\/div><\/section><\/p><\/div><div class=\"flex_column av_one_half  av-animated-generic bottom-to-top  flex_column_div av-zero-column-padding   avia-builder-el-10  el_after_av_one_half  avia-builder-el-last  \" style='border-radius:0px; '><p><div  style='padding-bottom:10px; ' class='av-special-heading av-special-heading-h3  blockquote modern-quote  avia-builder-el-11  el_before_av_textblock  avia-builder-el-first  '><h3 class='av-special-heading-tag '  itemprop=\"headline\"  >&#8230; a dal\u0161\u00ed<\/h3><div class='special-heading-border'><div class='special-heading-inner-border' ><\/div><\/div><\/div><br \/>\n<section class=\"av_textblock_section \"  itemscope=\"itemscope\" itemtype=\"https:\/\/schema.org\/CreativeWork\" ><div class='avia_textblock  '   itemprop=\"text\" ><p>Vyjma schodi\u0161\u0165 jsem se profesn\u011b potkal tak\u00e9 coby externista s v\u00fdukou designu na st\u0159edn\u00edch \u0161kol\u00e1ch, pod\u00edlel jsem se na v\u00fdvoji z\u00e1chran\u00fdch plavidel ASAR (www.asar.cz), \u010di s grafick\u00fdm designem. Na amat\u00e9rsk\u00e9 \u00farovni jsem kdysi vyvol\u00e1val vlastn\u00ed fotky z kinofilmu. A u\u017e\u00edv\u00e1m si putov\u00e1n\u00ed po Indii a v\u016fbec v\u0161echny v\u00fdlety s rodinou.<\/p>\n<\/div><\/section><\/p><\/div>\n","protected":false},"excerpt":{"rendered":"","protected":false},"author":1,"featured_media":0,"parent":0,"menu_order":0,"comment_status":"open","ping_status":"open","template":"","meta":{"footnotes":""},"class_list":["post-154","page","type-page","status-publish","hentry"],"_links":{"self":[{"href":"https:\/\/petrhampl.cz\/index.php\/wp-json\/wp\/v2\/pages\/154","targetHints":{"allow":["GET"]}}],"collection":[{"href":"https:\/\/petrhampl.cz\/index.php\/wp-json\/wp\/v2\/pages"}],"about":[{"href":"https:\/\/petrhampl.cz\/index.php\/wp-json\/wp\/v2\/types\/page"}],"author":[{"embeddable":true,"href":"https:\/\/petrhampl.cz\/index.php\/wp-json\/wp\/v2\/users\/1"}],"replies":[{"embeddable":true,"href":"https:\/\/petrhampl.cz\/index.php\/wp-json\/wp\/v2\/comments?post=154"}],"version-history":[{"count":11,"href":"https:\/\/petrhampl.cz\/index.php\/wp-json\/wp\/v2\/pages\/154\/revisions"}],"predecessor-version":[{"id":2452,"href":"https:\/\/petrhampl.cz\/index.php\/wp-json\/wp\/v2\/pages\/154\/revisions\/2452"}],"wp:attachment":[{"href":"https:\/\/petrhampl.cz\/index.php\/wp-json\/wp\/v2\/media?parent=154"}],"curies":[{"name":"wp","href":"https:\/\/api.w.org\/{rel}","templated":true}]}}